{"id":37,"date":"2018-05-12T16:20:54","date_gmt":"2018-05-12T14:20:54","guid":{"rendered":"http:\/\/evars.cz\/domains\/evars.cz\/?page_id=37"},"modified":"2022-10-31T17:26:32","modified_gmt":"2022-10-31T16:26:32","slug":"pracovnici-v-oboru","status":"publish","type":"page","link":"https:\/\/evars.cz\/domains\/evars.cz\/pracovnici-v-oboru\/","title":{"rendered":"Pracovn\u00edci v oboru"},"content":{"rendered":"<a class=\"maxbutton-1 maxbutton maxbutton-strojirenstvi-pracovni-mista\" href=\"https:\/\/evars.cz\/domains\/evars.cz\/pracovnici-v-oboru\/strojirenstvi\/\"><span class='mb-text'>Stroj\u00edrenstv\u00ed \u2013 pracovn\u00ed m\u00edsta<\/span><\/a>\n<a class=\"maxbutton-2 maxbutton maxbutton-operator-stroje-cnc-pracovni-mista\" href=\"https:\/\/evars.cz\/domains\/evars.cz\/pracovnici-v-oboru\/operator-stroje-cnc\/\"><span class='mb-text'>Oper\u00e1tor stroje CNC \u2013 pracovn\u00ed m\u00edsta<\/span><\/a>\n<a class=\"maxbutton-3 maxbutton maxbutton-operator-vyroby-pracovni-mista\" href=\"https:\/\/evars.cz\/domains\/evars.cz\/pracovnici-v-oboru\/operator-vyroby\/\"><span class='mb-text'>Oper\u00e1tor v\u00fdroby \u2013 pracovn\u00ed m\u00edsta<\/span><\/a>\n<a class=\"maxbutton-4 maxbutton maxbutton-ridic-vzv-pracovni-mista\" href=\"https:\/\/evars.cz\/domains\/evars.cz\/pracovnici-v-oboru\/ridic-vzv\/\"><span class='mb-text'>\u0158idi\u010d VZV \u2013 pracovn\u00ed m\u00edsta<\/span><\/a>\n<a class=\"maxbutton-5 maxbutton maxbutton-svarec-pracovni-mista\" href=\"https:\/\/evars.cz\/domains\/evars.cz\/pracovnici-v-oboru\/svarec\/\"><span class='mb-text'>Sv\u00e1\u0159e\u010d \u2013 pracovn\u00ed m\u00edsta<\/span><\/a>\n<a class=\"maxbutton-6 maxbutton maxbutton-elektrikar-pracovni-mista\" href=\"https:\/\/evars.cz\/domains\/evars.cz\/pracovnici-v-oboru\/elektrikar\/\"><span class='mb-text'>Elektrik\u00e1\u0159 \u2013 pracovn\u00ed m\u00edsta<\/span><\/a>\n<a class=\"maxbutton-7 maxbutton maxbutton-lakyrnik-pracovni-mista\" href=\"https:\/\/evars.cz\/domains\/evars.cz\/pracovnici-v-oboru\/lakyrnik\/\"><span class='mb-text'>Lak\u00fdrn\u00edk \u2013 pracovn\u00ed m\u00edsta<\/span><\/a>\n<a class=\"maxbutton-8 maxbutton maxbutton-klempir-pracovni-mista\" href=\"https:\/\/evars.cz\/domains\/evars.cz\/pracovnici-v-oboru\/klempir\/\"><span class='mb-text'>Klemp\u00ed\u0159 \u2013 pracovn\u00ed m\u00edsta<\/span><\/a>\n<a class=\"maxbutton-9 maxbutton maxbutton-zamecnik-pracovni-mista\" href=\"https:\/\/evars.cz\/domains\/evars.cz\/pracovnici-v-oboru\/zamecnik\/\"><span class='mb-text'>Z\u00e1me\u010dn\u00edk \u2013 pracovn\u00ed m\u00edsta<\/span><\/a>\n<p>&nbsp;<\/p>\n<ul>\n<li>t\u011b\u017ek\u00fd pr\u016fmysl &#8211; sv\u00e1\u0159e\u010di CO2, TIG 141, MIG, VIG, Al, balen\u00e1 elektroda 111 (i s v\u00fdkresovou dokumentac\u00ed)<\/li>\n<li>brusi\u010d, pr\u00e1ce na horizont\u00e1ln\u00edch vrta\u010dk\u00e1ch<\/li>\n<li>soustru\u017en\u00edk, klasick\u00e9 soustruhy Carusel, CNC SP 30<\/li>\n<li>fr\u00e9za\u0159<\/li>\n<li>lisa\u0159<\/li>\n<li>sl\u00e9v\u00e1renstv\u00ed &#8211; sl\u00e9v\u00e1rensk\u00e9 modely<\/li>\n<li>odlitky z litiny a barevn\u00fdch kov\u016f<\/li>\n<li>form\u00ed\u0159stv\u00ed<\/li>\n<li>pali\u010d<\/li>\n<li>tavi\u010d<\/li>\n<li>ve\u0161ker\u00e9 kovoobr\u00e1b\u011bn\u00ed<\/li>\n<li>klemp\u00ed\u0159sk\u00e9 pr\u00e1ce<\/li>\n<li>pr\u00e1\u0161kov\u00e9 lakov\u00e1n\u00ed<\/li>\n<li>opravy parn\u00edch lokomotiv<\/li>\n<li>sva\u0159ov\u00e1n\u00ed tlakov\u00fdch a olejov\u00fdch kotl\u016f<\/li>\n<li>mont\u00e1\u017en\u00ed pr\u00e1ce pro vzduchotechniku a klimatizace i s v\u00fdkresovou dokumentac\u00ed<\/li>\n<li>automobilov\u00fd pr\u016fmysl<\/li>\n<li>z\u00e1me\u010dnick\u00e9 pr\u00e1ce pro zem\u011bd\u011blstv\u00ed<\/li>\n<\/ul>\n","protected":false},"excerpt":{"rendered":"<p>&nbsp; t\u011b\u017ek\u00fd pr\u016fmysl &#8211; sv\u00e1\u0159e\u010di CO2, TIG 141, MIG, VIG, Al, balen\u00e1 elektroda 111 (i s v\u00fdkresovou dokumentac\u00ed) brusi\u010d, pr\u00e1ce na horizont\u00e1ln\u00edch vrta\u010dk\u00e1ch soustru\u017en\u00edk, klasick\u00e9 soustruhy Carusel, CNC SP 30 fr\u00e9za\u0159 lisa\u0159 sl\u00e9v\u00e1renstv\u00ed &#8211; sl\u00e9v\u00e1rensk\u00e9 modely odlitky z litiny a barevn\u00fdch kov\u016f form\u00ed\u0159stv\u00ed pali\u010d tavi\u010d ve\u0161ker\u00e9 kovoobr\u00e1b\u011bn\u00ed klemp\u00ed\u0159sk\u00e9 pr\u00e1ce pr\u00e1\u0161kov\u00e9 lakov\u00e1n\u00ed opravy parn\u00edch lokomotiv sva\u0159ov\u00e1n\u00ed<\/p>\n","protected":false},"author":1,"featured_media":0,"parent":0,"menu_order":2,"comment_status":"closed","ping_status":"closed","template":"page-fullwidth.php","meta":[],"aioseo_notices":[],"_links":{"self":[{"href":"https:\/\/evars.cz\/domains\/evars.cz\/wp-json\/wp\/v2\/pages\/37"}],"collection":[{"href":"https:\/\/evars.cz\/domains\/evars.cz\/wp-json\/wp\/v2\/pages"}],"about":[{"href":"https:\/\/evars.cz\/domains\/evars.cz\/wp-json\/wp\/v2\/types\/page"}],"author":[{"embeddable":true,"href":"https:\/\/evars.cz\/domains\/evars.cz\/wp-json\/wp\/v2\/users\/1"}],"replies":[{"embeddable":true,"href":"https:\/\/evars.cz\/domains\/evars.cz\/wp-json\/wp\/v2\/comments?post=37"}],"version-history":[{"count":11,"href":"https:\/\/evars.cz\/domains\/evars.cz\/wp-json\/wp\/v2\/pages\/37\/revisions"}],"predecessor-version":[{"id":199,"href":"https:\/\/evars.cz\/domains\/evars.cz\/wp-json\/wp\/v2\/pages\/37\/revisions\/199"}],"wp:attachment":[{"href":"https:\/\/evars.cz\/domains\/evars.cz\/wp-json\/wp\/v2\/media?parent=37"}],"curies":[{"name":"wp","href":"https:\/\/api.w.org\/{rel}","templated":true}]}}