{"id":155,"date":"2022-09-08T15:42:11","date_gmt":"2022-09-08T13:42:11","guid":{"rendered":"https:\/\/evars.cz\/domains\/evars.cz\/?page_id=155"},"modified":"2022-09-08T15:54:29","modified_gmt":"2022-09-08T13:54:29","slug":"operator-vyroby","status":"publish","type":"page","link":"https:\/\/evars.cz\/domains\/evars.cz\/pracovnici-v-oboru\/operator-vyroby\/","title":{"rendered":"Oper\u00e1tor v\u00fdroby"},"content":{"rendered":"<h2>Oper\u00e1tor v\u00fdroby &#8211; pracovn\u00ed m\u00edsta<\/h2>\n<p>Oper\u00e1tor v\u00fdroby je profese, kterou pot\u0159ebuj\u00ed mnoh\u00e9 firmy v oblastech v\u00fdroby, automobilov\u00e9ho \u010di strojn\u00edho pr\u016fmyslu. Na jej\u00ed vykon\u00e1v\u00e1n\u00ed obvykle sta\u010d\u00ed v\u00fdu\u010dn\u00ed list, mus\u00edte v\u0161ak b\u00fdt pe\u010dliv\u00ed, zru\u010dn\u00ed a trp\u011bliv\u00ed. \u010castokr\u00e1t se v po\u017eadavc\u00edch zam\u011bstnavatel\u016f objevuje i schopnost pr\u00e1ce na po\u010d\u00edta\u010di. Trouf\u00e1te si? Na\u0161e person\u00e1ln\u00ed agentura nab\u00edz\u00ed i pr\u00e1ci na pozici oper\u00e1tor v\u00fdroby.<\/p>\n<p><strong>Oper\u00e1tor v\u00fdroby mus\u00ed b\u00fdt manu\u00e1ln\u011b zru\u010dn\u00fd<\/strong><\/p>\n<p>Budete-li cht\u00edt zabodovat \u017eivotopisem jako oper\u00e1tor v\u00fdroby, rozhodn\u011b se pochlubte t\u00edm, \u017ee jste zru\u010dn\u00ed, m\u00e1te smysl pro detail a t\u00fdmov\u00e9ho ducha. Tady se toti\u017e pracuje ve velk\u00fdch kolektivech, spole\u010dn\u00fdmi silami zhotovujete kone\u010dn\u00fd v\u00fdrobek. Pracovat budete pravd\u011bpodobn\u011b na sm\u011bny, dost mo\u017en\u00e1 dostanete i p\u0159\u00edsp\u011bvek na dopravu \u010di mo\u017enost firemn\u00edho ubytov\u00e1n\u00ed. Oper\u00e1tor v\u00fdroby je pozic\u00ed, na kterou st\u00e1le nen\u00ed dostatek pracovn\u00edk\u016f, proto jim firmy nab\u00edz\u00ed r\u016fzn\u00e9 benefity. Jde p\u0159itom o zam\u011bstn\u00e1n\u00ed, na kter\u00e9m m\u016f\u017eete za\u010d\u00edt i po \u0161kole bez p\u0159edchoz\u00edch pracovn\u00edch zku\u0161enost\u00ed.<\/p>\n","protected":false},"excerpt":{"rendered":"<p>Oper\u00e1tor v\u00fdroby &#8211; pracovn\u00ed m\u00edsta Oper\u00e1tor v\u00fdroby je profese, kterou pot\u0159ebuj\u00ed mnoh\u00e9 firmy v oblastech v\u00fdroby, automobilov\u00e9ho \u010di strojn\u00edho pr\u016fmyslu. Na jej\u00ed vykon\u00e1v\u00e1n\u00ed obvykle sta\u010d\u00ed v\u00fdu\u010dn\u00ed list, mus\u00edte v\u0161ak b\u00fdt pe\u010dliv\u00ed, zru\u010dn\u00ed a trp\u011bliv\u00ed. \u010castokr\u00e1t se v po\u017eadavc\u00edch zam\u011bstnavatel\u016f objevuje i schopnost pr\u00e1ce na po\u010d\u00edta\u010di. Trouf\u00e1te si? Na\u0161e person\u00e1ln\u00ed agentura nab\u00edz\u00ed i pr\u00e1ci na pozici<\/p>\n","protected":false},"author":1,"featured_media":0,"parent":37,"menu_order":0,"comment_status":"closed","ping_status":"closed","template":"","meta":[],"aioseo_notices":[],"_links":{"self":[{"href":"https:\/\/evars.cz\/domains\/evars.cz\/wp-json\/wp\/v2\/pages\/155"}],"collection":[{"href":"https:\/\/evars.cz\/domains\/evars.cz\/wp-json\/wp\/v2\/pages"}],"about":[{"href":"https:\/\/evars.cz\/domains\/evars.cz\/wp-json\/wp\/v2\/types\/page"}],"author":[{"embeddable":true,"href":"https:\/\/evars.cz\/domains\/evars.cz\/wp-json\/wp\/v2\/users\/1"}],"replies":[{"embeddable":true,"href":"https:\/\/evars.cz\/domains\/evars.cz\/wp-json\/wp\/v2\/comments?post=155"}],"version-history":[{"count":3,"href":"https:\/\/evars.cz\/domains\/evars.cz\/wp-json\/wp\/v2\/pages\/155\/revisions"}],"predecessor-version":[{"id":177,"href":"https:\/\/evars.cz\/domains\/evars.cz\/wp-json\/wp\/v2\/pages\/155\/revisions\/177"}],"up":[{"embeddable":true,"href":"https:\/\/evars.cz\/domains\/evars.cz\/wp-json\/wp\/v2\/pages\/37"}],"wp:attachment":[{"href":"https:\/\/evars.cz\/domains\/evars.cz\/wp-json\/wp\/v2\/media?parent=155"}],"curies":[{"name":"wp","href":"https:\/\/api.w.org\/{rel}","templated":true}]}}